{"id":30,"date":"2023-05-18T16:19:25","date_gmt":"2023-05-18T16:19:25","guid":{"rendered":"http:\/\/192.168.1.32\/wordpress\/?page_id=25"},"modified":"2025-08-27T20:21:22","modified_gmt":"2025-08-27T20:21:22","slug":"about","status":"publish","type":"page","link":"https:\/\/marcokuehne.ch\/?page_id=30","title":{"rendered":"Portfolio"},"content":{"rendered":"\n<h1 class=\"wp-block-heading alignwide has-text-align-left has-large-font-size\" id=\"inspiro-is-a-digital-product-agency-that-focuses-on-strategy-and-design\" style=\"font-style:normal;font-weight:100\"><strong>Unvergessliche Events. <\/strong><br>Professionelle Moderation.<\/h1>\n\n\n\n<div class=\"wp-block-columns alignwide is-layout-flex wp-container-core-columns-is-layout-28f84493 wp-block-columns-is-layout-flex\">\n<div class=\"wp-block-column is-layout-flow wp-block-column-is-layout-flow\">\n<h2 class=\"wp-block-heading has-black-color has-text-color has-medium-font-size\">Eventmoderation<\/h2>\n\n\n\n<p class=\"has-text-align-left has-text-color\" style=\"color:#7a7a7a\">Als erfahrener Eventmoderator sorge ich f\u00fcr eine einzigartige und unterhaltsame Atmosph\u00e4re bei Ihren Veranstaltungen. Mit Leidenschaft und Professionalit\u00e4t begleite ich Sie durch das Programm und verleihe Ihrem Event den besonderen Charme. <\/p>\n\n\n\n<h2 class=\"wp-block-heading has-black-color has-text-color has-medium-font-size\">Projekt Explorer Jungfrau Region <\/h2>\n\n\n\n<p class=\"has-text-align-left has-text-color\" style=\"color:#7a7a7a\">F\u00fcr die Jungfrau Region durfte ich den Pilot zum Projekt Explorer Jungfrau Region | #DiniW\u00e4lt umsetzen.<\/p>\n\n\n<figure class=\"wp-block-embed-youtube wp-block-embed is-type-video is-provider-youtube wp-embed-aspect-16-9 wp-has-aspect-ratio\"><div class=\"lyte-wrapper fourthree\" style=\"width:420px;max-width:100%;margin:5px;\"><div class=\"lyMe\" id=\"WYL_Ck5XtKz2IcM\"><div id=\"lyte_Ck5XtKz2IcM\" data-src=\"\/\/i.ytimg.com\/vi\/Ck5XtKz2IcM\/hqdefault.jpg\" class=\"pL\"><div class=\"tC\"><div class=\"tT\"><\/div><\/div><div class=\"play\"><\/div><div class=\"ctrl\"><div class=\"Lctrl\"><\/div><div class=\"Rctrl\"><\/div><\/div><\/div><noscript><a href=\"https:\/\/youtu.be\/Ck5XtKz2IcM\" rel=\"nofollow\"><img loading=\"lazy\" decoding=\"async\" src=\"https:\/\/i.ytimg.com\/vi\/Ck5XtKz2IcM\/0.jpg\" alt=\"YouTube-Video-Thumbnail\" width=\"420\" height=\"295\" \/><br \/>Dieses Video auf YouTube ansehen<\/a><\/noscript><\/div><\/div><div class=\"lL\" style=\"max-width:100%;width:420px;margin:5px;\"><\/div><figcaption><\/figcaption><\/figure>\n\n\n<h2 class=\"wp-block-heading has-black-color has-text-color has-medium-font-size\">Projekt Raclette-Griller mit Raclette Suisse und Schweizer Fleisch<\/h2>\n\n\n\n<p class=\"has-text-align-left has-text-color\" style=\"color:#7a7a7a\">F\u00fcr die Zusammenarbeit der beiden Firmen konnte ich die Videos zum Wettbewerb und dem Raclette-Griller Gewinnerrezept realisieren.<\/p>\n\n\n<figure class=\"wp-block-embed-youtube wp-block-embed is-type-video is-provider-youtube wp-embed-aspect-16-9 wp-has-aspect-ratio\"><div class=\"lyte-wrapper fourthree\" style=\"width:420px;max-width:100%;margin:5px;\"><div class=\"lyMe\" id=\"WYL_i47_F0LiUpY\"><div id=\"lyte_i47_F0LiUpY\" data-src=\"\/\/i.ytimg.com\/vi\/i47_F0LiUpY\/hqdefault.jpg\" class=\"pL\"><div class=\"tC\"><div class=\"tT\"><\/div><\/div><div class=\"play\"><\/div><div class=\"ctrl\"><div class=\"Lctrl\"><\/div><div class=\"Rctrl\"><\/div><\/div><\/div><noscript><a href=\"https:\/\/youtu.be\/i47_F0LiUpY\" rel=\"nofollow\"><img loading=\"lazy\" decoding=\"async\" src=\"https:\/\/i.ytimg.com\/vi\/i47_F0LiUpY\/0.jpg\" alt=\"YouTube-Video-Thumbnail\" width=\"420\" height=\"295\" \/><br \/>Dieses Video auf YouTube ansehen<\/a><\/noscript><\/div><\/div><div class=\"lL\" style=\"max-width:100%;width:420px;margin:5px;\"><\/div><figcaption><\/figcaption><\/figure>\n\n\n<p class=\"has-text-align-left has-text-color\" style=\"color:#7a7a7a\"><br><\/p>\n<\/div>\n\n\n\n<div class=\"wp-block-column is-layout-flow wp-block-column-is-layout-flow\">\n<h2 class=\"wp-block-heading has-black-color has-text-color has-medium-font-size\">Solothurner Original<\/h2>\n\n\n\n<p class=\"has-text-color\" style=\"color:#7a7a7a\">Im Magazin \u00abSolothurner Original\u00bb werden Menschen, aber auch Firmen portraitiert, die in der Region Solothurn etwas bewegen und sich einsetzen, sodass man unbedingt von ihnen geh\u00f6rt haben muss &#8211; echte Geschichten, berufliches Schaffen und Lebensvisionen.<\/p>\n\n\n<figure class=\"wp-block-embed-youtube wp-block-embed is-type-video is-provider-youtube wp-embed-aspect-16-9 wp-has-aspect-ratio\"><div class=\"lyte-wrapper fourthree\" style=\"width:420px;max-width:100%;margin:5px;\"><div class=\"lyMe\" id=\"WYL_RlFbIknMj_g\"><div id=\"lyte_RlFbIknMj_g\" data-src=\"\/\/i.ytimg.com\/vi\/RlFbIknMj_g\/hqdefault.jpg\" class=\"pL\"><div class=\"tC\"><div class=\"tT\"><\/div><\/div><div class=\"play\"><\/div><div class=\"ctrl\"><div class=\"Lctrl\"><\/div><div class=\"Rctrl\"><\/div><\/div><\/div><noscript><a href=\"https:\/\/youtu.be\/RlFbIknMj_g\" rel=\"nofollow\"><img loading=\"lazy\" decoding=\"async\" src=\"https:\/\/i.ytimg.com\/vi\/RlFbIknMj_g\/0.jpg\" alt=\"YouTube-Video-Thumbnail\" width=\"420\" height=\"295\" \/><br \/>Dieses Video auf YouTube ansehen<\/a><\/noscript><\/div><\/div><div class=\"lL\" style=\"max-width:100%;width:420px;margin:5px;\"><\/div><figcaption><\/figcaption><\/figure>\n\n<figure class=\"wp-block-embed-youtube wp-block-embed is-type-video is-provider-youtube wp-embed-aspect-16-9 wp-has-aspect-ratio\"><div class=\"lyte-wrapper fourthree\" style=\"width:420px;max-width:100%;margin:5px;\"><div class=\"lyMe\" id=\"WYL_rAjZDwfJqtw\"><div id=\"lyte_rAjZDwfJqtw\" data-src=\"\/\/i.ytimg.com\/vi\/rAjZDwfJqtw\/hqdefault.jpg\" class=\"pL\"><div class=\"tC\"><div class=\"tT\"><\/div><\/div><div class=\"play\"><\/div><div class=\"ctrl\"><div class=\"Lctrl\"><\/div><div class=\"Rctrl\"><\/div><\/div><\/div><noscript><a href=\"https:\/\/youtu.be\/rAjZDwfJqtw\" rel=\"nofollow\"><img loading=\"lazy\" decoding=\"async\" src=\"https:\/\/i.ytimg.com\/vi\/rAjZDwfJqtw\/0.jpg\" alt=\"YouTube-Video-Thumbnail\" width=\"420\" height=\"295\" \/><br \/>Dieses Video auf YouTube ansehen<\/a><\/noscript><\/div><\/div><div class=\"lL\" style=\"max-width:100%;width:420px;margin:5px;\"><\/div><figcaption>Solothurner Original \u2013 Pipo Kofmehl, Leiter Gesch\u00e4ftsstelle Kulturfabrik <\/figcaption><\/figure>\n\n<figure class=\"wp-block-embed-youtube wp-block-embed is-type-video is-provider-youtube wp-embed-aspect-16-9 wp-has-aspect-ratio\"><div class=\"lyte-wrapper fourthree\" style=\"width:420px;max-width:100%;margin:5px;\"><div class=\"lyMe\" id=\"WYL_YNUnaGqDRaM\"><div id=\"lyte_YNUnaGqDRaM\" data-src=\"\/\/i.ytimg.com\/vi\/YNUnaGqDRaM\/hqdefault.jpg\" class=\"pL\"><div class=\"tC\"><div class=\"tT\"><\/div><\/div><div class=\"play\"><\/div><div class=\"ctrl\"><div class=\"Lctrl\"><\/div><div class=\"Rctrl\"><\/div><\/div><\/div><noscript><a href=\"https:\/\/youtu.be\/YNUnaGqDRaM\" rel=\"nofollow\"><img loading=\"lazy\" decoding=\"async\" src=\"https:\/\/i.ytimg.com\/vi\/YNUnaGqDRaM\/0.jpg\" alt=\"YouTube-Video-Thumbnail\" width=\"420\" height=\"295\" \/><br \/>Dieses Video auf YouTube ansehen<\/a><\/noscript><\/div><\/div><div class=\"lL\" style=\"max-width:100%;width:420px;margin:5px;\"><\/div><figcaption><\/figcaption><\/figure><\/div>\n<\/div>\n\n\n\n<p><\/p>\n","protected":false},"excerpt":{"rendered":"<p>Unvergessliche Events. Professionelle Moderation. Eventmoderation Als erfahrener Eventmoderator sorge ich f\u00fcr eine einzigartige und unterhaltsame Atmosph\u00e4re bei Ihren Veranstaltungen. Mit Leidenschaft und Professionalit\u00e4t begleite ich Sie durch das Programm und verleihe Ihrem Event den besonderen Charme. Projekt Explorer Jungfrau Region F\u00fcr die Jungfrau Region durfte ich den Pilot zum Projekt Explorer Jungfrau Region | #DiniW\u00e4lt &hellip; <\/p>\n<p class=\"link-more\"><a href=\"https:\/\/marcokuehne.ch\/?page_id=30\" class=\"more-link\">Mehr <span class=\"screen-reader-text\">\u00fcber &#8222;Portfolio&#8220; <\/span>Lesen<\/a><\/p>\n","protected":false},"author":1,"featured_media":0,"parent":0,"menu_order":0,"comment_status":"closed","ping_status":"closed","template":"","meta":{"footnotes":""},"class_list":["post-30","page","type-page","status-publish","hentry"],"_links":{"self":[{"href":"https:\/\/marcokuehne.ch\/index.php?rest_route=\/wp\/v2\/pages\/30","targetHints":{"allow":["GET"]}}],"collection":[{"href":"https:\/\/marcokuehne.ch\/index.php?rest_route=\/wp\/v2\/pages"}],"about":[{"href":"https:\/\/marcokuehne.ch\/index.php?rest_route=\/wp\/v2\/types\/page"}],"author":[{"embeddable":true,"href":"https:\/\/marcokuehne.ch\/index.php?rest_route=\/wp\/v2\/users\/1"}],"replies":[{"embeddable":true,"href":"https:\/\/marcokuehne.ch\/index.php?rest_route=%2Fwp%2Fv2%2Fcomments&post=30"}],"version-history":[{"count":17,"href":"https:\/\/marcokuehne.ch\/index.php?rest_route=\/wp\/v2\/pages\/30\/revisions"}],"predecessor-version":[{"id":161,"href":"https:\/\/marcokuehne.ch\/index.php?rest_route=\/wp\/v2\/pages\/30\/revisions\/161"}],"wp:attachment":[{"href":"https:\/\/marcokuehne.ch\/index.php?rest_route=%2Fwp%2Fv2%2Fmedia&parent=30"}],"curies":[{"name":"wp","href":"https:\/\/api.w.org\/{rel}","templated":true}]}}